{"id":16,"date":"2024-05-31T19:28:10","date_gmt":"2024-05-31T19:28:10","guid":{"rendered":"https:\/\/boatworx.se\/?page_id=16"},"modified":"2024-09-14T08:03:06","modified_gmt":"2024-09-14T08:03:06","slug":"boatworx","status":"publish","type":"page","link":"https:\/\/boatworx.se\/","title":{"rendered":"BoatWorx V\u00e4rmd\u00f6 &#8211; B\u00e5tf\u00f6rvaring i varmhall och vinterf\u00f6rvaring b\u00e5t p\u00e5 V\u00e4rmd\u00f6"},"content":{"rendered":"\t\t<div data-elementor-type=\"wp-page\" data-elementor-id=\"16\" class=\"elementor elementor-16\" data-elementor-post-type=\"page\">\n\t\t\t\t<div class=\"elementor-element elementor-element-55ffe90 e-grid e-con-boxed e-con e-parent\" data-id=\"55ffe90\" data-element_type=\"container\">\n\t\t\t\t\t<div class=\"e-con-inner\">\n\t\t\t\t<div class=\"elementor-element elementor-element-ad41f83 elementor-cta--layout-image-above elementor-cta--skin-classic elementor-animated-content elementor-bg-transform elementor-bg-transform-zoom-in elementor-widget elementor-widget-call-to-action\" data-id=\"ad41f83\" data-element_type=\"widget\" data-widget_type=\"call-to-action.default\">\n\t\t\t\t<div class=\"elementor-widget-container\">\n\t\t\t\t\t\t\t<a class=\"elementor-cta\" href=\"\/index.php\/vinterforvaring_bat\/\">\n\t\t\t\t\t<div class=\"elementor-cta__bg-wrapper\">\n\t\t\t\t<div class=\"elementor-cta__bg elementor-bg\" style=\"background-image: url(https:\/\/boatworx.se\/wp-content\/uploads\/2024\/06\/suv-towing-small-powerboat-up-boat-ramp-e1723791197325.jpg);\" role=\"img\" aria-label=\"Vinterf\u00f6rvaring b\u00e5t V\u00e4rmd\u00f6\"><\/div>\n\t\t\t\t<div class=\"elementor-cta__bg-overlay\"><\/div>\n\t\t\t<\/div>\n\t\t\t\t\t\t\t<div class=\"elementor-cta__content\">\n\t\t\t\t\n\t\t\t\t\t\t\t\t\t<h2 class=\"elementor-cta__title elementor-cta__content-item elementor-content-item\">\n\t\t\t\t\t\tVINTERF\u00d6RVARING\t\t\t\t\t<\/h2>\n\t\t\t\t\n\t\t\t\t\t\t\t\t\t<div class=\"elementor-cta__description elementor-cta__content-item elementor-content-item\">\n\t\t\t\t\t\tMed ett omfattande Baspaket. V\u00e4lj utomhus eller i varmhall.\t\t\t\t\t<\/div>\n\t\t\t\t\n\t\t\t\t\t\t\t\t\t<div class=\"elementor-cta__button-wrapper elementor-cta__content-item elementor-content-item \">\n\t\t\t\t\t<span class=\"elementor-cta__button elementor-button elementor-size-\">\n\t\t\t\t\t\tL\u00c4S MER\t\t\t\t\t<\/span>\n\t\t\t\t\t<\/div>\n\t\t\t\t\t\t\t<\/div>\n\t\t\t\t\t\t\t<div class=\"elementor-ribbon\">\n\t\t\t\t<div class=\"elementor-ribbon-inner\">\n\t\t\t\t\tBOKA NU!\t\t\t\t<\/div>\n\t\t\t<\/div>\n\t\t\t\t<\/a>\n\t\t\t\t\t\t<\/div>\n\t\t\t\t<\/div>\n\t\t\t\t<div class=\"elementor-element elementor-element-ee88fa8 elementor-cta--layout-image-above elementor-cta--skin-classic elementor-animated-content elementor-bg-transform elementor-bg-transform-zoom-in elementor-widget elementor-widget-call-to-action\" data-id=\"ee88fa8\" data-element_type=\"widget\" data-widget_type=\"call-to-action.default\">\n\t\t\t\t<div class=\"elementor-widget-container\">\n\t\t\t\t\t\t\t<a class=\"elementor-cta\" href=\"mailto:%20info@boatworx.se\">\n\t\t\t\t\t<div class=\"elementor-cta__bg-wrapper\">\n\t\t\t\t<div class=\"elementor-cta__bg elementor-bg\" style=\"background-image: url(https:\/\/boatworx.se\/wp-content\/uploads\/2024\/07\/Installer-gps-plotter-bat.jpg);\" role=\"img\" aria-label=\"Installer-gps-plotter-bat\"><\/div>\n\t\t\t\t<div class=\"elementor-cta__bg-overlay\"><\/div>\n\t\t\t<\/div>\n\t\t\t\t\t\t\t<div class=\"elementor-cta__content\">\n\t\t\t\t\n\t\t\t\t\t\t\t\t\t<h2 class=\"elementor-cta__title elementor-cta__content-item elementor-content-item\">\n\t\t\t\t\t\tINSTALLATIONER\t\t\t\t\t<\/h2>\n\t\t\t\t\n\t\t\t\t\t\t\t\t\t<div class=\"elementor-cta__description elementor-cta__content-item elementor-content-item\">\n\t\t\t\t\t\tL\u00e5t oss uppdatera elektronik ombord, b\u00e5tmotorn eller annan utrustning.\t\t\t\t\t<\/div>\n\t\t\t\t\n\t\t\t\t\t\t\t\t\t<div class=\"elementor-cta__button-wrapper elementor-cta__content-item elementor-content-item \">\n\t\t\t\t\t<span class=\"elementor-cta__button elementor-button elementor-size-\">\n\t\t\t\t\t\tBEG\u00c4R OFFERT\t\t\t\t\t<\/span>\n\t\t\t\t\t<\/div>\n\t\t\t\t\t\t\t<\/div>\n\t\t\t\t\t\t<\/a>\n\t\t\t\t\t\t<\/div>\n\t\t\t\t<\/div>\n\t\t\t\t<div class=\"elementor-element elementor-element-32797f2 elementor-cta--layout-image-above elementor-cta--skin-classic elementor-animated-content elementor-bg-transform elementor-bg-transform-zoom-in elementor-widget elementor-widget-call-to-action\" data-id=\"32797f2\" data-element_type=\"widget\" data-widget_type=\"call-to-action.default\">\n\t\t\t\t<div class=\"elementor-widget-container\">\n\t\t\t\t\t\t\t<a class=\"elementor-cta\" href=\"mailto:%20info@boatworx.se\">\n\t\t\t\t\t<div class=\"elementor-cta__bg-wrapper\">\n\t\t\t\t<div class=\"elementor-cta__bg elementor-bg\" style=\"background-image: url(https:\/\/boatworx.se\/wp-content\/uploads\/2024\/06\/Yamaha-Engine-Service.jpg);\" role=\"img\" aria-label=\"Motorservice b\u00e5t V\u00e4rmd\u00f6\"><\/div>\n\t\t\t\t<div class=\"elementor-cta__bg-overlay\"><\/div>\n\t\t\t<\/div>\n\t\t\t\t\t\t\t<div class=\"elementor-cta__content\">\n\t\t\t\t\n\t\t\t\t\t\t\t\t\t<h2 class=\"elementor-cta__title elementor-cta__content-item elementor-content-item\">\n\t\t\t\t\t\tMOTORSERVICE\t\t\t\t\t<\/h2>\n\t\t\t\t\n\t\t\t\t\t\t\t\t\t<div class=\"elementor-cta__description elementor-cta__content-item elementor-content-item\">\n\t\t\t\t\t\tBoka b\u00e5tmotorservice p\u00e5 tex Yamaha, Suzuki, Mercury och Mercruiser.\t\t\t\t\t<\/div>\n\t\t\t\t\n\t\t\t\t\t\t\t\t\t<div class=\"elementor-cta__button-wrapper elementor-cta__content-item elementor-content-item \">\n\t\t\t\t\t<span class=\"elementor-cta__button elementor-button elementor-size-\">\n\t\t\t\t\t\tBEG\u00c4R OFFERT\t\t\t\t\t<\/span>\n\t\t\t\t\t<\/div>\n\t\t\t\t\t\t\t<\/div>\n\t\t\t\t\t\t<\/a>\n\t\t\t\t\t\t<\/div>\n\t\t\t\t<\/div>\n\t\t\t\t\t<\/div>\n\t\t\t\t<\/div>\n\t\t<div class=\"elementor-element elementor-element-0d74899 e-flex e-con-boxed e-con e-parent\" data-id=\"0d74899\" data-element_type=\"container\">\n\t\t\t\t\t<div class=\"e-con-inner\">\n\t\t\t\t<div class=\"elementor-element elementor-element-066f16a elementor-widget-divider--view-line elementor-widget elementor-widget-divider\" data-id=\"066f16a\" data-element_type=\"widget\" data-widget_type=\"divider.default\">\n\t\t\t\t<div class=\"elementor-widget-container\">\n\t\t\t\t\t\t\t<div class=\"elementor-divider\">\n\t\t\t<span class=\"elementor-divider-separator\">\n\t\t\t\t\t\t<\/span>\n\t\t<\/div>\n\t\t\t\t\t\t<\/div>\n\t\t\t\t<\/div>\n\t\t\t\t<div class=\"elementor-element elementor-element-bbe3d5b elementor-widget elementor-widget-heading\" data-id=\"bbe3d5b\" data-element_type=\"widget\" data-widget_type=\"heading.default\">\n\t\t\t\t<div class=\"elementor-widget-container\">\n\t\t\t\t\t<h2 class=\"elementor-heading-title elementor-size-default\">SERVICETJ\u00c4NSTER B\u00c5TAR<\/h2>\t\t\t\t<\/div>\n\t\t\t\t<\/div>\n\t\t\t\t\t<\/div>\n\t\t\t\t<\/div>\n\t\t<div class=\"elementor-element elementor-element-a863352 e-flex e-con-boxed e-con e-parent\" data-id=\"a863352\" data-element_type=\"container\">\n\t\t\t\t\t<div class=\"e-con-inner\">\n\t\t\t\t<div class=\"elementor-element elementor-element-90c64cd elementor-cta--layout-image-left elementor-cta--mobile-layout-image-below elementor-cta--skin-classic elementor-animated-content elementor-bg-transform elementor-bg-transform-zoom-in elementor-widget elementor-widget-call-to-action\" data-id=\"90c64cd\" data-element_type=\"widget\" data-widget_type=\"call-to-action.default\">\n\t\t\t\t<div class=\"elementor-widget-container\">\n\t\t\t\t\t\t\t<a class=\"elementor-cta\" href=\"mailto:%20info@boatworx.se\">\n\t\t\t\t\t<div class=\"elementor-cta__bg-wrapper\">\n\t\t\t\t<div class=\"elementor-cta__bg elementor-bg\" style=\"background-image: url(https:\/\/boatworx.se\/wp-content\/uploads\/2024\/07\/Bogpropeller-1024x768.jpg);\" role=\"img\" aria-label=\"Installera bogpropeller\"><\/div>\n\t\t\t\t<div class=\"elementor-cta__bg-overlay\"><\/div>\n\t\t\t<\/div>\n\t\t\t\t\t\t\t<div class=\"elementor-cta__content\">\n\t\t\t\t\n\t\t\t\t\t\t\t\t\t<h2 class=\"elementor-cta__title elementor-cta__content-item elementor-content-item\">\n\t\t\t\t\t\tINSTALLERA BOGPROPELLER\t\t\t\t\t<\/h2>\n\t\t\t\t\n\t\t\t\t\t\t\t\t\t<div class=\"elementor-cta__description elementor-cta__content-item elementor-content-item\">\n\t\t\t\t\t\tBogpropellern \u00e4r ett oslagbart hj\u00e4lpmedel vid man\u00f6vrering i hamn. En f\u00e4rdig installation kostar normalt runt 30-60.000kr.\t\t\t\t\t<\/div>\n\t\t\t\t\n\t\t\t\t\t\t\t\t\t<div class=\"elementor-cta__button-wrapper elementor-cta__content-item elementor-content-item \">\n\t\t\t\t\t<span class=\"elementor-cta__button elementor-button elementor-size-\">\n\t\t\t\t\t\tBEG\u00c4R OFFERT\t\t\t\t\t<\/span>\n\t\t\t\t\t<\/div>\n\t\t\t\t\t\t\t<\/div>\n\t\t\t\t\t\t\t<div class=\"elementor-ribbon\">\n\t\t\t\t<div class=\"elementor-ribbon-inner\">\n\t\t\t\t\tVinterDeal\t\t\t\t<\/div>\n\t\t\t<\/div>\n\t\t\t\t<\/a>\n\t\t\t\t\t\t<\/div>\n\t\t\t\t<\/div>\n\t\t\t\t\t<\/div>\n\t\t\t\t<\/div>\n\t\t<div class=\"elementor-element elementor-element-5684ce6 e-flex e-con-boxed e-con e-parent\" data-id=\"5684ce6\" data-element_type=\"container\">\n\t\t\t\t\t<div class=\"e-con-inner\">\n\t\t\t\t<div class=\"elementor-element elementor-element-3f8dc33 elementor-cta--layout-image-left elementor-cta--mobile-layout-image-below elementor-cta--skin-classic elementor-animated-content elementor-bg-transform elementor-bg-transform-zoom-in elementor-widget elementor-widget-call-to-action\" data-id=\"3f8dc33\" data-element_type=\"widget\" data-widget_type=\"call-to-action.default\">\n\t\t\t\t<div class=\"elementor-widget-container\">\n\t\t\t\t\t\t\t<div class=\"elementor-cta\">\n\t\t\t\t\t<div class=\"elementor-cta__bg-wrapper\">\n\t\t\t\t<div class=\"elementor-cta__bg elementor-bg\" style=\"background-image: url(https:\/\/boatworx.se\/wp-content\/uploads\/2024\/06\/Bluewater-2550-rear4-e1717622832340-1024x677.jpg);\" role=\"img\" aria-label=\"Assistans p\u00e5 sj\u00f6n\"><\/div>\n\t\t\t\t<div class=\"elementor-cta__bg-overlay\"><\/div>\n\t\t\t<\/div>\n\t\t\t\t\t\t\t<div class=\"elementor-cta__content\">\n\t\t\t\t\n\t\t\t\t\t\t\t\t\t<h2 class=\"elementor-cta__title elementor-cta__content-item elementor-content-item\">\n\t\t\t\t\t\tASSISTANS P\u00c5 SJ\u00d6N\t\t\t\t\t<\/h2>\n\t\t\t\t\n\t\t\t\t\t\t\t\t\t<div class=\"elementor-cta__description elementor-cta__content-item elementor-content-item\">\n\t\t\t\t\t\tF\u00e5r du problem med b\u00e5ten n\u00e4r du \u00e4r ute p\u00e5 sj\u00f6n kan vi komma ut med v\u00e5r serviceb\u00e5t och hj\u00e4lpa dig p\u00e5 plats.\t\t\t\t\t<\/div>\n\t\t\t\t\n\t\t\t\t\t\t\t<\/div>\n\t\t\t\t\t\t<\/div>\n\t\t\t\t\t\t<\/div>\n\t\t\t\t<\/div>\n\t\t\t\t\t<\/div>\n\t\t\t\t<\/div>\n\t\t<div class=\"elementor-element elementor-element-23994aa e-flex e-con-boxed e-con e-parent\" data-id=\"23994aa\" data-element_type=\"container\">\n\t\t\t\t\t<div class=\"e-con-inner\">\n\t\t\t\t<div class=\"elementor-element elementor-element-1fa3911 elementor-cta--layout-image-left elementor-cta--mobile-layout-image-below elementor-cta--skin-classic elementor-animated-content elementor-bg-transform elementor-bg-transform-zoom-in elementor-widget elementor-widget-call-to-action\" data-id=\"1fa3911\" data-element_type=\"widget\" data-widget_type=\"call-to-action.default\">\n\t\t\t\t<div class=\"elementor-widget-container\">\n\t\t\t\t\t\t\t<a class=\"elementor-cta\" href=\"https:\/\/nautilus.se\/hyra-bat\/bottentvatt-bat\/\">\n\t\t\t\t\t<div class=\"elementor-cta__bg-wrapper\">\n\t\t\t\t<div class=\"elementor-cta__bg elementor-bg\" style=\"background-image: url(https:\/\/boatworx.se\/wp-content\/uploads\/2024\/08\/Batbottentvatt2-1024x576.jpg);\" role=\"img\" aria-label=\"B\u00e5tbottentv\u00e4tt Gustavsberg\"><\/div>\n\t\t\t\t<div class=\"elementor-cta__bg-overlay\"><\/div>\n\t\t\t<\/div>\n\t\t\t\t\t\t\t<div class=\"elementor-cta__content\">\n\t\t\t\t\n\t\t\t\t\t\t\t\t\t<h2 class=\"elementor-cta__title elementor-cta__content-item elementor-content-item\">\n\t\t\t\t\t\tB\u00c5TBOTTENTV\u00c4TT I GUSTAVSBERG\t\t\t\t\t<\/h2>\n\t\t\t\t\n\t\t\t\t\t\t\t\t\t<div class=\"elementor-cta__description elementor-cta__content-item elementor-content-item\">\n\t\t\t\t\t\tTv\u00e4tta din b\u00e5tbotten i Gustavsbergs g\u00e4sthamn. N\u00e4r du vinterf\u00f6rvarar din b\u00e5t hos BoatWorX ing\u00e5r 2 bottentv\u00e4ttar per s\u00e4song.\t\t\t\t\t<\/div>\n\t\t\t\t\n\t\t\t\t\t\t\t\t\t<div class=\"elementor-cta__button-wrapper elementor-cta__content-item elementor-content-item \">\n\t\t\t\t\t<span class=\"elementor-cta__button elementor-button elementor-size-\">\n\t\t\t\t\t\tBOKA BOTTENTV\u00c4TT\t\t\t\t\t<\/span>\n\t\t\t\t\t<\/div>\n\t\t\t\t\t\t\t<\/div>\n\t\t\t\t\t\t<\/a>\n\t\t\t\t\t\t<\/div>\n\t\t\t\t<\/div>\n\t\t\t\t\t<\/div>\n\t\t\t\t<\/div>\n\t\t<div class=\"elementor-element elementor-element-031b7e4 e-flex e-con-boxed e-con e-parent\" data-id=\"031b7e4\" data-element_type=\"container\">\n\t\t\t\t\t<div class=\"e-con-inner\">\n\t\t\t\t<div class=\"elementor-element elementor-element-a128059 elementor-widget elementor-widget-google_maps\" data-id=\"a128059\" data-element_type=\"widget\" data-widget_type=\"google_maps.default\">\n\t\t\t\t<div class=\"elementor-widget-container\">\n\t\t\t\t\t\t\t<div class=\"elementor-custom-embed\">\n\t\t\t<iframe loading=\"lazy\"\n\t\t\t\t\tsrc=\"https:\/\/maps.google.com\/maps?q=TORSBERGSBACKE%2012A&#038;t=m&#038;z=11&#038;output=embed&#038;iwloc=near\"\n\t\t\t\t\ttitle=\"TORSBERGSBACKE 12A\"\n\t\t\t\t\taria-label=\"TORSBERGSBACKE 12A\"\n\t\t\t><\/iframe>\n\t\t<\/div>\n\t\t\t\t\t\t<\/div>\n\t\t\t\t<\/div>\n\t\t\t\t\t<\/div>\n\t\t\t\t<\/div>\n\t\t\t\t<\/div>\n\t\t","protected":false},"excerpt":{"rendered":"<p>VINTERF\u00d6RVARING Med ett omfattande Baspaket. V\u00e4lj utomhus eller i varmhall. L\u00c4S MER BOKA NU! INSTALLATIONER L\u00e5t oss uppdatera elektronik ombord, b\u00e5tmotorn eller annan utrustning. BEG\u00c4R OFFERT MOTORSERVICE Boka b\u00e5tmotorservice p\u00e5 tex Yamaha, Suzuki, Mercury och Mercruiser. BEG\u00c4R OFFERT SERVICETJ\u00c4NSTER B\u00c5TAR INSTALLERA BOGPROPELLER Bogpropellern \u00e4r ett oslagbart hj\u00e4lpmedel vid man\u00f6vrering i hamn. En f\u00e4rdig installation kostar &hellip; <\/p>\n<p class=\"link-more\"><a href=\"https:\/\/boatworx.se\/\" class=\"more-link\">Read more<span class=\"screen-reader-text\"> &#8220;BoatWorx V\u00e4rmd\u00f6 &#8211; B\u00e5tf\u00f6rvaring i varmhall och vinterf\u00f6rvaring b\u00e5t p\u00e5 V\u00e4rmd\u00f6&#8221;<\/span><\/a><\/p>\n","protected":false},"author":1,"featured_media":0,"parent":0,"menu_order":0,"comment_status":"closed","ping_status":"closed","template":"","meta":{"footnotes":""},"class_list":["post-16","page","type-page","status-publish","hentry"],"yoast_head":"<!-- This site is optimized with the Yoast SEO plugin v26.0 - https:\/\/yoast.com\/wordpress\/plugins\/seo\/ -->\n<title>Vinterf\u00f6rvaring och service av b\u00e5t och vattenskoter | BoatWorx<\/title>\n<meta name=\"description\" content=\"Vinterf\u00f6rvara din b\u00e5t i varmhall eller utomhus p\u00e5 v\u00e5r nya anl\u00e4ggning p\u00e5 V\u00e4rmd\u00f6. BoatWorx har \u00f6ver 10\u00e5r i branchen p\u00e5 V\u00e4rmd\u00f6.\" \/>\n<meta name=\"robots\" content=\"index, follow, max-snippet:-1, max-image-preview:large, max-video-preview:-1\" \/>\n<link rel=\"canonical\" href=\"https:\/\/boatworx.se\/\" \/>\n<meta property=\"og:locale\" content=\"en_US\" \/>\n<meta property=\"og:type\" content=\"article\" \/>\n<meta property=\"og:title\" content=\"Vinterf\u00f6rvaring och service av b\u00e5t och vattenskoter | BoatWorx\" \/>\n<meta property=\"og:description\" content=\"Vinterf\u00f6rvara din b\u00e5t i varmhall eller utomhus p\u00e5 v\u00e5r nya anl\u00e4ggning p\u00e5 V\u00e4rmd\u00f6. BoatWorx har \u00f6ver 10\u00e5r i branchen p\u00e5 V\u00e4rmd\u00f6.\" \/>\n<meta property=\"og:url\" content=\"https:\/\/boatworx.se\/\" \/>\n<meta property=\"og:site_name\" content=\"Boat Worx V\u00e4rmd\u00f6\" \/>\n<meta property=\"article:modified_time\" content=\"2024-09-14T08:03:06+00:00\" \/>\n<meta property=\"og:image\" content=\"https:\/\/boatworx.se\/wp-content\/uploads\/2024\/06\/cropped-shutterstock_1802385322-1-scaled-1.jpg\" \/>\n\t<meta property=\"og:image:width\" content=\"2000\" \/>\n\t<meta property=\"og:image:height\" content=\"1199\" \/>\n\t<meta property=\"og:image:type\" content=\"image\/jpeg\" \/>\n<meta name=\"twitter:card\" content=\"summary_large_image\" \/>\n<meta name=\"twitter:label1\" content=\"Est. reading time\" \/>\n\t<meta name=\"twitter:data1\" content=\"1 minute\" \/>\n<script type=\"application\/ld+json\" class=\"yoast-schema-graph\">{\"@context\":\"https:\/\/schema.org\",\"@graph\":[{\"@type\":\"WebPage\",\"@id\":\"https:\/\/boatworx.se\/\",\"url\":\"https:\/\/boatworx.se\/\",\"name\":\"Vinterf\u00f6rvaring och service av b\u00e5t och vattenskoter | BoatWorx\",\"isPartOf\":{\"@id\":\"https:\/\/boatworx.se\/#website\"},\"datePublished\":\"2024-05-31T19:28:10+00:00\",\"dateModified\":\"2024-09-14T08:03:06+00:00\",\"description\":\"Vinterf\u00f6rvara din b\u00e5t i varmhall eller utomhus p\u00e5 v\u00e5r nya anl\u00e4ggning p\u00e5 V\u00e4rmd\u00f6. BoatWorx har \u00f6ver 10\u00e5r i branchen p\u00e5 V\u00e4rmd\u00f6.\",\"breadcrumb\":{\"@id\":\"https:\/\/boatworx.se\/#breadcrumb\"},\"inLanguage\":\"en-US\",\"potentialAction\":[{\"@type\":\"ReadAction\",\"target\":[\"https:\/\/boatworx.se\/\"]}]},{\"@type\":\"BreadcrumbList\",\"@id\":\"https:\/\/boatworx.se\/#breadcrumb\",\"itemListElement\":[{\"@type\":\"ListItem\",\"position\":1,\"name\":\"Home\",\"item\":\"https:\/\/boatworx.se\/\"},{\"@type\":\"ListItem\",\"position\":2,\"name\":\"BoatWorx V\u00e4rmd\u00f6 &#8211; B\u00e5tf\u00f6rvaring i varmhall och vinterf\u00f6rvaring b\u00e5t p\u00e5 V\u00e4rmd\u00f6\"}]},{\"@type\":\"WebSite\",\"@id\":\"https:\/\/boatworx.se\/#website\",\"url\":\"https:\/\/boatworx.se\/\",\"name\":\"Boat Worx V\u00e4rmd\u00f6\",\"description\":\"Vinterf\u00f6rvaring b\u00e5t och vattenskoter varmhall p\u00e5 V\u00e4rmd\u00f6\",\"publisher\":{\"@id\":\"https:\/\/boatworx.se\/#organization\"},\"alternateName\":\"BoatWorx\",\"potentialAction\":[{\"@type\":\"SearchAction\",\"target\":{\"@type\":\"EntryPoint\",\"urlTemplate\":\"https:\/\/boatworx.se\/?s={search_term_string}\"},\"query-input\":{\"@type\":\"PropertyValueSpecification\",\"valueRequired\":true,\"valueName\":\"search_term_string\"}}],\"inLanguage\":\"en-US\"},{\"@type\":\"Organization\",\"@id\":\"https:\/\/boatworx.se\/#organization\",\"name\":\"Boat Worx V\u00e4rmd\u00f6\",\"alternateName\":\"Boat Worx V\u00e4rmd\u00f6\",\"url\":\"https:\/\/boatworx.se\/\",\"logo\":{\"@type\":\"ImageObject\",\"inLanguage\":\"en-US\",\"@id\":\"https:\/\/boatworx.se\/#\/schema\/logo\/image\/\",\"url\":\"https:\/\/boatworx.se\/wp-content\/uploads\/2024\/08\/BoatWorx-logo-gra.png\",\"contentUrl\":\"https:\/\/boatworx.se\/wp-content\/uploads\/2024\/08\/BoatWorx-logo-gra.png\",\"width\":392,\"height\":187,\"caption\":\"Boat Worx V\u00e4rmd\u00f6\"},\"image\":{\"@id\":\"https:\/\/boatworx.se\/#\/schema\/logo\/image\/\"}}]}<\/script>\n<!-- \/ Yoast SEO plugin. -->","yoast_head_json":{"title":"Vinterf\u00f6rvaring och service av b\u00e5t och vattenskoter | BoatWorx","description":"Vinterf\u00f6rvara din b\u00e5t i varmhall eller utomhus p\u00e5 v\u00e5r nya anl\u00e4ggning p\u00e5 V\u00e4rmd\u00f6. BoatWorx har \u00f6ver 10\u00e5r i branchen p\u00e5 V\u00e4rmd\u00f6.","robots":{"index":"index","follow":"follow","max-snippet":"max-snippet:-1","max-image-preview":"max-image-preview:large","max-video-preview":"max-video-preview:-1"},"canonical":"https:\/\/boatworx.se\/","og_locale":"en_US","og_type":"article","og_title":"Vinterf\u00f6rvaring och service av b\u00e5t och vattenskoter | BoatWorx","og_description":"Vinterf\u00f6rvara din b\u00e5t i varmhall eller utomhus p\u00e5 v\u00e5r nya anl\u00e4ggning p\u00e5 V\u00e4rmd\u00f6. BoatWorx har \u00f6ver 10\u00e5r i branchen p\u00e5 V\u00e4rmd\u00f6.","og_url":"https:\/\/boatworx.se\/","og_site_name":"Boat Worx V\u00e4rmd\u00f6","article_modified_time":"2024-09-14T08:03:06+00:00","og_image":[{"width":2000,"height":1199,"url":"https:\/\/boatworx.se\/wp-content\/uploads\/2024\/06\/cropped-shutterstock_1802385322-1-scaled-1.jpg","type":"image\/jpeg"}],"twitter_card":"summary_large_image","twitter_misc":{"Est. reading time":"1 minute"},"schema":{"@context":"https:\/\/schema.org","@graph":[{"@type":"WebPage","@id":"https:\/\/boatworx.se\/","url":"https:\/\/boatworx.se\/","name":"Vinterf\u00f6rvaring och service av b\u00e5t och vattenskoter | BoatWorx","isPartOf":{"@id":"https:\/\/boatworx.se\/#website"},"datePublished":"2024-05-31T19:28:10+00:00","dateModified":"2024-09-14T08:03:06+00:00","description":"Vinterf\u00f6rvara din b\u00e5t i varmhall eller utomhus p\u00e5 v\u00e5r nya anl\u00e4ggning p\u00e5 V\u00e4rmd\u00f6. BoatWorx har \u00f6ver 10\u00e5r i branchen p\u00e5 V\u00e4rmd\u00f6.","breadcrumb":{"@id":"https:\/\/boatworx.se\/#breadcrumb"},"inLanguage":"en-US","potentialAction":[{"@type":"ReadAction","target":["https:\/\/boatworx.se\/"]}]},{"@type":"BreadcrumbList","@id":"https:\/\/boatworx.se\/#breadcrumb","itemListElement":[{"@type":"ListItem","position":1,"name":"Home","item":"https:\/\/boatworx.se\/"},{"@type":"ListItem","position":2,"name":"BoatWorx V\u00e4rmd\u00f6 &#8211; B\u00e5tf\u00f6rvaring i varmhall och vinterf\u00f6rvaring b\u00e5t p\u00e5 V\u00e4rmd\u00f6"}]},{"@type":"WebSite","@id":"https:\/\/boatworx.se\/#website","url":"https:\/\/boatworx.se\/","name":"Boat Worx V\u00e4rmd\u00f6","description":"Vinterf\u00f6rvaring b\u00e5t och vattenskoter varmhall p\u00e5 V\u00e4rmd\u00f6","publisher":{"@id":"https:\/\/boatworx.se\/#organization"},"alternateName":"BoatWorx","potentialAction":[{"@type":"SearchAction","target":{"@type":"EntryPoint","urlTemplate":"https:\/\/boatworx.se\/?s={search_term_string}"},"query-input":{"@type":"PropertyValueSpecification","valueRequired":true,"valueName":"search_term_string"}}],"inLanguage":"en-US"},{"@type":"Organization","@id":"https:\/\/boatworx.se\/#organization","name":"Boat Worx V\u00e4rmd\u00f6","alternateName":"Boat Worx V\u00e4rmd\u00f6","url":"https:\/\/boatworx.se\/","logo":{"@type":"ImageObject","inLanguage":"en-US","@id":"https:\/\/boatworx.se\/#\/schema\/logo\/image\/","url":"https:\/\/boatworx.se\/wp-content\/uploads\/2024\/08\/BoatWorx-logo-gra.png","contentUrl":"https:\/\/boatworx.se\/wp-content\/uploads\/2024\/08\/BoatWorx-logo-gra.png","width":392,"height":187,"caption":"Boat Worx V\u00e4rmd\u00f6"},"image":{"@id":"https:\/\/boatworx.se\/#\/schema\/logo\/image\/"}}]}},"_links":{"self":[{"href":"https:\/\/boatworx.se\/index.php\/wp-json\/wp\/v2\/pages\/16","targetHints":{"allow":["GET"]}}],"collection":[{"href":"https:\/\/boatworx.se\/index.php\/wp-json\/wp\/v2\/pages"}],"about":[{"href":"https:\/\/boatworx.se\/index.php\/wp-json\/wp\/v2\/types\/page"}],"author":[{"embeddable":true,"href":"https:\/\/boatworx.se\/index.php\/wp-json\/wp\/v2\/users\/1"}],"replies":[{"embeddable":true,"href":"https:\/\/boatworx.se\/index.php\/wp-json\/wp\/v2\/comments?post=16"}],"version-history":[{"count":154,"href":"https:\/\/boatworx.se\/index.php\/wp-json\/wp\/v2\/pages\/16\/revisions"}],"predecessor-version":[{"id":673,"href":"https:\/\/boatworx.se\/index.php\/wp-json\/wp\/v2\/pages\/16\/revisions\/673"}],"wp:attachment":[{"href":"https:\/\/boatworx.se\/index.php\/wp-json\/wp\/v2\/media?parent=16"}],"curies":[{"name":"wp","href":"https:\/\/api.w.org\/{rel}","templated":true}]}}